{"id":988765,"date":"2025-09-23T08:51:26","date_gmt":"2025-09-23T08:51:26","guid":{"rendered":"https:\/\/albatartufi.com\/prodotto\/truffe-noire-prisee\/"},"modified":"2026-04-30T09:39:02","modified_gmt":"2026-04-30T09:39:02","slug":"truffe-noire-prisee","status":"publish","type":"product","link":"https:\/\/albatartufi.com\/fr\/shop\/truffe-noire-prisee\/","title":{"rendered":"Truffe Noire d&rsquo;Hiver"},"content":{"rendered":"<div class=\"vgblk-rw-wrapper limit-wrapper\">\n<p class=\"text-muted\">La \u00abTruffe Noire d&rsquo;Hiver\u00bb, \u00e9galement connue sous le nom de \u00abTuber Melanosporum Vittadini\u00bb ou \u00abTruffe Noire Pr\u00e9cieuse\u00bb, est sans doute la truffe la plus r\u00e9put\u00e9e de la gastronomie internationale. Plus pr\u00e9cis\u00e9ment, et notamment dans la r\u00e9gion du Pi\u00e9mont, cette truffe pris\u00e9e est aussi appel\u00e9e \u00abTruffe Noire d&rsquo;Hiver du Pi\u00e9mont\u00bb ou \u00abTruffe Noire Pr\u00e9cieuse du Pi\u00e9mont\u00bb. <\/p>\n<p class=\"text-muted\">La truffe noire d&rsquo;hiver du Pi\u00e9mont est consid\u00e9r\u00e9e comme la plus pris\u00e9e des diff\u00e9rentes vari\u00e9t\u00e9s de truffes noires. Son ar\u00f4me exquis se r\u00e9v\u00e8le pleinement apr\u00e8s cuisson. Au Pi\u00e9mont, la r\u00e9colte a lieu du 15 d\u00e9cembre au 15 mars. <\/p>\n<h4 class=\"text-dark\"><strong>UTILISATION RECOMMAND\u00c9E<\/strong><\/h4>\n<p class=\"text-muted\">La \u00abTruffe Noire d&rsquo;Hiver du Pi\u00e9mont\u00bb est \u00e9galement excellente crue, mais se consomme g\u00e9n\u00e9ralement apr\u00e8s une courte cuisson. Elle peut \u00eatre utilis\u00e9e comme ingr\u00e9dient dans les gibiers, les r\u00f4tis, les filets de b\u0153uf, les escalopes, les volailles (poulet, poule, dinde, pintade, chapon, oie, canard et caille), les p\u00e2tes et m\u00eame les pizzas.<\/p>\n<\/div>\n<p><!-- .vgblk-rw-wrapper --><\/p>\n","protected":false},"excerpt":{"rendered":"<p class=\"text-muted\">La \u00abTruffe Noire d&rsquo;Hiver\u00bb, \u00e9galement connue sous le nom de \u00abTuber Melanosporum Vittadini\u00bb ou \u00abTruffe Noire Pr\u00e9cieuse\u00bb, est sans doute la truffe la plus r\u00e9put\u00e9e de la gastronomie internationale.<\/p>\n","protected":false},"featured_media":994020,"template":"","meta":{"inline_featured_image":false},"product_brand":[],"product_cat":[81],"product_tag":[],"class_list":{"0":"post-988765","1":"product","2":"type-product","3":"status-publish","4":"has-post-thumbnail","6":"product_cat-truffes-fraiches","8":"first","9":"instock","10":"shipping-taxable","11":"product-type-simple"},"yoast_head":"<!-- This site is optimized with the Yoast SEO plugin v27.4 - https:\/\/yoast.com\/product\/yoast-seo-wordpress\/ -->\n<title>Truffe Noire d&#039;Hiver - Truffe d&#039;Alba (Pi\u00e9mont - Italie)<\/title>\n<meta name=\"description\" content=\"D\u00e9couvrez la truffe noire pr\u00e9cieuse du Pi\u00e9mont, au parfum d\u00e9licat et \u00e0 la saveur \u00e9quilibr\u00e9e. Disponible fra\u00eeche en saison, s\u00e9lectionn\u00e9e par AlbaTartufi.\" \/>\n<meta name=\"robots\" content=\"index, follow, max-snippet:-1, max-image-preview:large, max-video-preview:-1\" \/>\n<link rel=\"canonical\" href=\"https:\/\/albatartufi.com\/fr\/shop\/truffe-noire-prisee\/\" \/>\n<meta property=\"og:locale\" content=\"fr_FR\" \/>\n<meta property=\"og:type\" content=\"article\" \/>\n<meta property=\"og:title\" content=\"Truffe Noire d&#039;Hiver - Truffe d&#039;Alba (Pi\u00e9mont - Italie)\" \/>\n<meta property=\"og:description\" content=\"D\u00e9couvrez la truffe noire pr\u00e9cieuse du Pi\u00e9mont, au parfum d\u00e9licat et \u00e0 la saveur \u00e9quilibr\u00e9e. Disponible fra\u00eeche en saison, s\u00e9lectionn\u00e9e par AlbaTartufi.\" \/>\n<meta property=\"og:url\" content=\"https:\/\/albatartufi.com\/fr\/shop\/truffe-noire-prisee\/\" \/>\n<meta property=\"og:site_name\" content=\"Truffe d&#039;Alba (Pi\u00e9mont - Italie)\" \/>\n<meta property=\"article:publisher\" content=\"https:\/\/www.facebook.com\/albatartufi\" \/>\n<meta property=\"article:modified_time\" content=\"2026-04-30T09:39:02+00:00\" \/>\n<meta property=\"og:image\" content=\"https:\/\/albatartufi.com\/wp-content\/uploads\/2025\/09\/tartufo-nero-pregiato-prima-scelta-1.jpg\" \/>\n\t<meta property=\"og:image:width\" content=\"750\" \/>\n\t<meta property=\"og:image:height\" content=\"750\" \/>\n\t<meta property=\"og:image:type\" content=\"image\/jpeg\" \/>\n<meta name=\"twitter:card\" content=\"summary_large_image\" \/>\n<meta name=\"twitter:site\" content=\"@albatartufi\" \/>\n<meta name=\"twitter:label1\" content=\"Dur\u00e9e de lecture estim\u00e9e\" \/>\n\t<meta name=\"twitter:data1\" content=\"1 minute\" \/>\n<script type=\"application\/ld+json\" class=\"yoast-schema-graph\">{\"@context\":\"https:\\\/\\\/schema.org\",\"@graph\":[{\"@type\":\"WebPage\",\"@id\":\"https:\\\/\\\/albatartufi.com\\\/fr\\\/shop\\\/truffe-noire-prisee\\\/\",\"url\":\"https:\\\/\\\/albatartufi.com\\\/fr\\\/shop\\\/truffe-noire-prisee\\\/\",\"name\":\"Truffe Noire d'Hiver - Truffe d'Alba (Pi\u00e9mont - Italie)\",\"isPartOf\":{\"@id\":\"https:\\\/\\\/albatartufi.com\\\/#website\"},\"primaryImageOfPage\":{\"@id\":\"https:\\\/\\\/albatartufi.com\\\/fr\\\/shop\\\/truffe-noire-prisee\\\/#primaryimage\"},\"image\":{\"@id\":\"https:\\\/\\\/albatartufi.com\\\/fr\\\/shop\\\/truffe-noire-prisee\\\/#primaryimage\"},\"thumbnailUrl\":\"https:\\\/\\\/albatartufi.com\\\/wp-content\\\/uploads\\\/2025\\\/09\\\/tartufo-nero-pregiato-prima-scelta-1.jpg\",\"datePublished\":\"2025-09-23T08:51:26+00:00\",\"dateModified\":\"2026-04-30T09:39:02+00:00\",\"description\":\"D\u00e9couvrez la truffe noire pr\u00e9cieuse du Pi\u00e9mont, au parfum d\u00e9licat et \u00e0 la saveur \u00e9quilibr\u00e9e. Disponible fra\u00eeche en saison, s\u00e9lectionn\u00e9e par AlbaTartufi.\",\"breadcrumb\":{\"@id\":\"https:\\\/\\\/albatartufi.com\\\/fr\\\/shop\\\/truffe-noire-prisee\\\/#breadcrumb\"},\"inLanguage\":\"fr-FR\",\"potentialAction\":[{\"@type\":\"ReadAction\",\"target\":[\"https:\\\/\\\/albatartufi.com\\\/fr\\\/shop\\\/truffe-noire-prisee\\\/\"]}]},{\"@type\":\"ImageObject\",\"inLanguage\":\"fr-FR\",\"@id\":\"https:\\\/\\\/albatartufi.com\\\/fr\\\/shop\\\/truffe-noire-prisee\\\/#primaryimage\",\"url\":\"https:\\\/\\\/albatartufi.com\\\/wp-content\\\/uploads\\\/2025\\\/09\\\/tartufo-nero-pregiato-prima-scelta-1.jpg\",\"contentUrl\":\"https:\\\/\\\/albatartufi.com\\\/wp-content\\\/uploads\\\/2025\\\/09\\\/tartufo-nero-pregiato-prima-scelta-1.jpg\",\"width\":750,\"height\":750,\"caption\":\"Truffe noire pris\u00e9e\"},{\"@type\":\"BreadcrumbList\",\"@id\":\"https:\\\/\\\/albatartufi.com\\\/fr\\\/shop\\\/truffe-noire-prisee\\\/#breadcrumb\",\"itemListElement\":[{\"@type\":\"ListItem\",\"position\":1,\"name\":\"Home\",\"item\":\"https:\\\/\\\/albatartufi.com\\\/fr\\\/truffe-dalba-piemont-italie\\\/\"},{\"@type\":\"ListItem\",\"position\":2,\"name\":\"Boutique\",\"item\":\"https:\\\/\\\/albatartufi.com\\\/fr\\\/boutique\\\/\"},{\"@type\":\"ListItem\",\"position\":3,\"name\":\"Truffe Noire d&rsquo;Hiver\"}]},{\"@type\":\"WebSite\",\"@id\":\"https:\\\/\\\/albatartufi.com\\\/#website\",\"url\":\"https:\\\/\\\/albatartufi.com\\\/\",\"name\":\"Alba Tartufi\",\"description\":\"Tartufo di Alba (Piemonte - Italia)\",\"publisher\":{\"@id\":\"https:\\\/\\\/albatartufi.com\\\/#organization\"},\"potentialAction\":[{\"@type\":\"SearchAction\",\"target\":{\"@type\":\"EntryPoint\",\"urlTemplate\":\"https:\\\/\\\/albatartufi.com\\\/?s={search_term_string}\"},\"query-input\":{\"@type\":\"PropertyValueSpecification\",\"valueRequired\":true,\"valueName\":\"search_term_string\"}}],\"inLanguage\":\"fr-FR\"},{\"@type\":\"Organization\",\"@id\":\"https:\\\/\\\/albatartufi.com\\\/#organization\",\"name\":\"Alba Tartufi\",\"url\":\"https:\\\/\\\/albatartufi.com\\\/\",\"logo\":{\"@type\":\"ImageObject\",\"inLanguage\":\"fr-FR\",\"@id\":\"https:\\\/\\\/albatartufi.com\\\/#\\\/schema\\\/logo\\\/image\\\/\",\"url\":\"https:\\\/\\\/albatartufi.com\\\/wp-content\\\/uploads\\\/2025\\\/09\\\/cropped-logo_alba_tartufi.webp\",\"contentUrl\":\"https:\\\/\\\/albatartufi.com\\\/wp-content\\\/uploads\\\/2025\\\/09\\\/cropped-logo_alba_tartufi.webp\",\"width\":389,\"height\":211,\"caption\":\"Alba Tartufi\"},\"image\":{\"@id\":\"https:\\\/\\\/albatartufi.com\\\/#\\\/schema\\\/logo\\\/image\\\/\"},\"sameAs\":[\"https:\\\/\\\/www.facebook.com\\\/albatartufi\",\"https:\\\/\\\/x.com\\\/albatartufi\"]}]}<\/script>\n<!-- \/ Yoast SEO plugin. -->","yoast_head_json":{"title":"Truffe Noire d'Hiver - Truffe d'Alba (Pi\u00e9mont - Italie)","description":"D\u00e9couvrez la truffe noire pr\u00e9cieuse du Pi\u00e9mont, au parfum d\u00e9licat et \u00e0 la saveur \u00e9quilibr\u00e9e. Disponible fra\u00eeche en saison, s\u00e9lectionn\u00e9e par AlbaTartufi.","robots":{"index":"index","follow":"follow","max-snippet":"max-snippet:-1","max-image-preview":"max-image-preview:large","max-video-preview":"max-video-preview:-1"},"canonical":"https:\/\/albatartufi.com\/fr\/shop\/truffe-noire-prisee\/","og_locale":"fr_FR","og_type":"article","og_title":"Truffe Noire d'Hiver - Truffe d'Alba (Pi\u00e9mont - Italie)","og_description":"D\u00e9couvrez la truffe noire pr\u00e9cieuse du Pi\u00e9mont, au parfum d\u00e9licat et \u00e0 la saveur \u00e9quilibr\u00e9e. Disponible fra\u00eeche en saison, s\u00e9lectionn\u00e9e par AlbaTartufi.","og_url":"https:\/\/albatartufi.com\/fr\/shop\/truffe-noire-prisee\/","og_site_name":"Truffe d'Alba (Pi\u00e9mont - Italie)","article_publisher":"https:\/\/www.facebook.com\/albatartufi","article_modified_time":"2026-04-30T09:39:02+00:00","og_image":[{"width":750,"height":750,"url":"https:\/\/albatartufi.com\/wp-content\/uploads\/2025\/09\/tartufo-nero-pregiato-prima-scelta-1.jpg","type":"image\/jpeg"}],"twitter_card":"summary_large_image","twitter_site":"@albatartufi","twitter_misc":{"Dur\u00e9e de lecture estim\u00e9e":"1 minute"},"schema":{"@context":"https:\/\/schema.org","@graph":[{"@type":"WebPage","@id":"https:\/\/albatartufi.com\/fr\/shop\/truffe-noire-prisee\/","url":"https:\/\/albatartufi.com\/fr\/shop\/truffe-noire-prisee\/","name":"Truffe Noire d'Hiver - Truffe d'Alba (Pi\u00e9mont - Italie)","isPartOf":{"@id":"https:\/\/albatartufi.com\/#website"},"primaryImageOfPage":{"@id":"https:\/\/albatartufi.com\/fr\/shop\/truffe-noire-prisee\/#primaryimage"},"image":{"@id":"https:\/\/albatartufi.com\/fr\/shop\/truffe-noire-prisee\/#primaryimage"},"thumbnailUrl":"https:\/\/albatartufi.com\/wp-content\/uploads\/2025\/09\/tartufo-nero-pregiato-prima-scelta-1.jpg","datePublished":"2025-09-23T08:51:26+00:00","dateModified":"2026-04-30T09:39:02+00:00","description":"D\u00e9couvrez la truffe noire pr\u00e9cieuse du Pi\u00e9mont, au parfum d\u00e9licat et \u00e0 la saveur \u00e9quilibr\u00e9e. Disponible fra\u00eeche en saison, s\u00e9lectionn\u00e9e par AlbaTartufi.","breadcrumb":{"@id":"https:\/\/albatartufi.com\/fr\/shop\/truffe-noire-prisee\/#breadcrumb"},"inLanguage":"fr-FR","potentialAction":[{"@type":"ReadAction","target":["https:\/\/albatartufi.com\/fr\/shop\/truffe-noire-prisee\/"]}]},{"@type":"ImageObject","inLanguage":"fr-FR","@id":"https:\/\/albatartufi.com\/fr\/shop\/truffe-noire-prisee\/#primaryimage","url":"https:\/\/albatartufi.com\/wp-content\/uploads\/2025\/09\/tartufo-nero-pregiato-prima-scelta-1.jpg","contentUrl":"https:\/\/albatartufi.com\/wp-content\/uploads\/2025\/09\/tartufo-nero-pregiato-prima-scelta-1.jpg","width":750,"height":750,"caption":"Truffe noire pris\u00e9e"},{"@type":"BreadcrumbList","@id":"https:\/\/albatartufi.com\/fr\/shop\/truffe-noire-prisee\/#breadcrumb","itemListElement":[{"@type":"ListItem","position":1,"name":"Home","item":"https:\/\/albatartufi.com\/fr\/truffe-dalba-piemont-italie\/"},{"@type":"ListItem","position":2,"name":"Boutique","item":"https:\/\/albatartufi.com\/fr\/boutique\/"},{"@type":"ListItem","position":3,"name":"Truffe Noire d&rsquo;Hiver"}]},{"@type":"WebSite","@id":"https:\/\/albatartufi.com\/#website","url":"https:\/\/albatartufi.com\/","name":"Alba Tartufi","description":"Tartufo di Alba (Piemonte - Italia)","publisher":{"@id":"https:\/\/albatartufi.com\/#organization"},"potentialAction":[{"@type":"SearchAction","target":{"@type":"EntryPoint","urlTemplate":"https:\/\/albatartufi.com\/?s={search_term_string}"},"query-input":{"@type":"PropertyValueSpecification","valueRequired":true,"valueName":"search_term_string"}}],"inLanguage":"fr-FR"},{"@type":"Organization","@id":"https:\/\/albatartufi.com\/#organization","name":"Alba Tartufi","url":"https:\/\/albatartufi.com\/","logo":{"@type":"ImageObject","inLanguage":"fr-FR","@id":"https:\/\/albatartufi.com\/#\/schema\/logo\/image\/","url":"https:\/\/albatartufi.com\/wp-content\/uploads\/2025\/09\/cropped-logo_alba_tartufi.webp","contentUrl":"https:\/\/albatartufi.com\/wp-content\/uploads\/2025\/09\/cropped-logo_alba_tartufi.webp","width":389,"height":211,"caption":"Alba Tartufi"},"image":{"@id":"https:\/\/albatartufi.com\/#\/schema\/logo\/image\/"},"sameAs":["https:\/\/www.facebook.com\/albatartufi","https:\/\/x.com\/albatartufi"]}]}},"_links":{"self":[{"href":"https:\/\/albatartufi.com\/fr\/wp-json\/wp\/v2\/product\/988765","targetHints":{"allow":["GET"]}}],"collection":[{"href":"https:\/\/albatartufi.com\/fr\/wp-json\/wp\/v2\/product"}],"about":[{"href":"https:\/\/albatartufi.com\/fr\/wp-json\/wp\/v2\/types\/product"}],"version-history":[{"count":0,"href":"https:\/\/albatartufi.com\/fr\/wp-json\/wp\/v2\/product\/988765\/revisions"}],"wp:featuredmedia":[{"embeddable":true,"href":"https:\/\/albatartufi.com\/fr\/wp-json\/wp\/v2\/media\/994020"}],"wp:attachment":[{"href":"https:\/\/albatartufi.com\/fr\/wp-json\/wp\/v2\/media?parent=988765"}],"wp:term":[{"taxonomy":"product_brand","embeddable":true,"href":"https:\/\/albatartufi.com\/fr\/wp-json\/wp\/v2\/product_brand?post=988765"},{"taxonomy":"product_cat","embeddable":true,"href":"https:\/\/albatartufi.com\/fr\/wp-json\/wp\/v2\/product_cat?post=988765"},{"taxonomy":"product_tag","embeddable":true,"href":"https:\/\/albatartufi.com\/fr\/wp-json\/wp\/v2\/product_tag?post=988765"}],"curies":[{"name":"wp","href":"https:\/\/api.w.org\/{rel}","templated":true}]}}